{"id":153,"date":"2022-07-13T07:30:17","date_gmt":"2022-07-13T06:30:17","guid":{"rendered":"https:\/\/ca\u00f1arturistica.com\/?page_id=153"},"modified":"2022-08-11T07:29:59","modified_gmt":"2022-08-11T06:29:59","slug":"donde-comer-francais","status":"publish","type":"page","link":"https:\/\/ca\u00f1arturistica.com\/?page_id=153&lang=fr","title":{"rendered":"D\u00f3nde comer &#8211; Fran\u00e7ais"},"content":{"rendered":"[vc_row type=\u00bbfull_width_background\u00bb full_screen_row_position=\u00bbmiddle\u00bb column_margin=\u00bbdefault\u00bb column_direction=\u00bbdefault\u00bb column_direction_tablet=\u00bbdefault\u00bb column_direction_phone=\u00bbdefault\u00bb scene_position=\u00bbcenter\u00bb top_padding=\u00bb32&#8243; constrain_group_1=\u00bbyes\u00bb bottom_padding=\u00bb32&#8243; top_padding_tablet=\u00bb20%\u00bb bottom_padding_tablet=\u00bb20%\u00bb top_padding_phone=\u00bb20%\u00bb bottom_padding_phone=\u00bb20%\u00bb text_color=\u00bbdark\u00bb text_align=\u00bbleft\u00bb row_border_radius=\u00bbnone\u00bb row_border_radius_applies=\u00bbbg\u00bb overflow=\u00bbvisible\u00bb advanced_gradient_angle=\u00bb0&#8243; overlay_strength=\u00bb0.8&#8243; gradient_direction=\u00bbleft_to_right\u00bb shape_divider_position=\u00bbbottom\u00bb bg_image_animation=\u00bbnone\u00bb shape_type=\u00bb\u00bb gradient_type=\u00bbdefault\u00bb][vc_column column_padding=\u00bbno-extra-padding\u00bb column_padding_tablet=\u00bbinherit\u00bb column_padding_phone=\u00bbinherit\u00bb column_padding_position=\u00bball\u00bb bottom_margin=\u00bb32&#8243; column_element_spacing=\u00bbdefault\u00bb background_color_opacity=\u00bb1&#8243; background_hover_color_opacity=\u00bb1&#8243; column_shadow=\u00bbnone\u00bb column_border_radius=\u00bbnone\u00bb column_link_target=\u00bb_self\u00bb column_position=\u00bbdefault\u00bb advanced_gradient_angle=\u00bb0&#8243; gradient_direction=\u00bbleft_to_right\u00bb overlay_strength=\u00bb0.3&#8243; width=\u00bb1\/1&#8243; tablet_width_inherit=\u00bbdefault\u00bb tablet_text_alignment=\u00bbdefault\u00bb phone_text_alignment=\u00bbdefault\u00bb animation_type=\u00bbdefault\u00bb bg_image_animation=\u00bbnone\u00bb border_type=\u00bbsimple\u00bb column_border_width=\u00bbnone\u00bb column_border_style=\u00bbsolid\u00bb gradient_type=\u00bbdefault\u00bb][split_line_heading animation_type=\u00bbline-reveal-by-space\u00bb font_style=\u00bbh2&#8243; line_reveal_by_space_text_effect=\u00bbdefault\u00bb stagger_animation=\u00bbtrue\u00bb content_alignment=\u00bbdefault\u00bb mobile_content_alignment=\u00bbinherit\u00bb link_target=\u00bb_self\u00bb text_content=\u00bbO\u00f9 manger\u00bb max_width=\u00bb640&#8243;][\/split_line_heading][split_line_heading animation_type=\u00bbline-reveal-by-space\u00bb font_style=\u00bbh3&#8243; text_color=\u00bb#5c7213&#8243; line_reveal_by_space_text_effect=\u00bbdefault\u00bb stagger_animation=\u00bbtrue\u00bb content_alignment=\u00bbdefault\u00bb mobile_content_alignment=\u00bbinherit\u00bb link_target=\u00bb_self\u00bb text_content=\u00bbGastronomie tranquille\u00bb max_width=\u00bb640&#8243; font_size=\u00bb35&#8243; font_line_height=\u00bb1.25&#8243;][\/split_line_heading][vc_column_text css_animation=\u00bbfadeInUp\u00bb css=\u00bb.vc_custom_1657830209718{margin-bottom: 10px !important;}\u00bb]<span style=\"font-weight: 400;\">D\u00e9gustez les sp\u00e9cialit\u00e9s de C\u00e1\u00f1ar. Ils comprennent la soupe aux amandes, le rago\u00fbt de fenouil, les migas et les rago\u00fbts de gibier. De la confiserie, les beignets, les pesti\u00f1os et les beignets se distinguent.<\/span>[\/vc_column_text][\/vc_column][\/vc_row][vc_row type=\u00bbin_container\u00bb full_screen_row_position=\u00bbmiddle\u00bb column_margin=\u00bbdefault\u00bb equal_height=\u00bbyes\u00bb column_direction=\u00bbdefault\u00bb column_direction_tablet=\u00bbdefault\u00bb column_direction_phone=\u00bbdefault\u00bb scene_position=\u00bbcenter\u00bb text_color=\u00bbdark\u00bb text_align=\u00bbleft\u00bb row_border_radius=\u00bbnone\u00bb row_border_radius_applies=\u00bbbg\u00bb overflow=\u00bbvisible\u00bb advanced_gradient_angle=\u00bb0&#8243; overlay_strength=\u00bb0.3&#8243; gradient_direction=\u00bbleft_to_right\u00bb shape_divider_position=\u00bbbottom\u00bb bg_image_animation=\u00bbnone\u00bb gradient_type=\u00bbdefault\u00bb shape_type=\u00bb\u00bb][vc_column column_padding=\u00bbpadding-2-percent\u00bb column_padding_tablet=\u00bbinherit\u00bb column_padding_phone=\u00bbinherit\u00bb column_padding_position=\u00bball\u00bb column_element_spacing=\u00bb10px\u00bb background_color=\u00bb#faedcd\u00bb background_color_opacity=\u00bb1&#8243; background_hover_color_opacity=\u00bb1&#8243; column_shadow=\u00bbnone\u00bb column_border_radius=\u00bb20px\u00bb column_link_target=\u00bb_self\u00bb column_position=\u00bbdefault\u00bb advanced_gradient_angle=\u00bb0&#8243; gradient_direction=\u00bbleft_to_right\u00bb overlay_strength=\u00bb0.3&#8243; width=\u00bb1\/2&#8243; tablet_width_inherit=\u00bbdefault\u00bb tablet_text_alignment=\u00bbdefault\u00bb phone_text_alignment=\u00bbdefault\u00bb animation_type=\u00bbdefault\u00bb bg_image_animation=\u00bbnone\u00bb border_type=\u00bbsimple\u00bb column_border_width=\u00bbnone\u00bb gradient_type=\u00bbdefault\u00bb][fancy_box box_style=\u00bbimage_above_text_underline\u00bb image_url=\u00bb112&#8243; image_aspect_ratio=\u00bb16-9&#8243; border_radius=\u00bb10px\u00bb image_loading=\u00bblazy-load\u00bb]\n<h4>Caf\u00e9 Bar Piki<\/h4>\n<p><span style=\"font-weight: 400;\">Bar tr\u00e8s confortable avec une grande vari\u00e9t\u00e9 de plats Alpujarra dans le centre-ville.<\/span><\/p>\n<p>Adresse: Calle \u00c1lamos, 19<br \/>\n<span style=\"font-weight: 400;\">T\u00e9l\u00e9phone<\/span>: 958 785 306[\/fancy_box][nectar_btn size=\u00bbmedium\u00bb button_style=\u00bbsee-through\u00bb button_color_2=\u00bbAccent-Color\u00bb icon_family=\u00bbnone\u00bb text=\u00bbVoir la carte\u00bb margin_top=\u00bb16&#8243; url=\u00bbhttps:\/\/xn--caarturistica-jkb.com\/?page_id=341&#038;lang=fr&#038;location=bar-piki\u00bb margin_right=\u00bb8&#8243;][nectar_btn size=\u00bbmedium\u00bb open_new_tab=\u00bbtrue\u00bb button_style=\u00bbsee-through\u00bb button_color_2=\u00bbAccent-Color\u00bb icon_family=\u00bbnone\u00bb text=\u00bbTripadvisor\u00bb margin_top=\u00bb16&#8243; url=\u00bbhttps:\/\/www.tripadvisor.es\/Restaurant_Review-g1026377-d3609343-Reviews-Bar_Piki-Canar_Province_of_Granada_Andalucia.html\u00bb][\/vc_column][vc_column column_padding=\u00bbpadding-2-percent\u00bb column_padding_tablet=\u00bbinherit\u00bb column_padding_phone=\u00bbinherit\u00bb column_padding_position=\u00bball\u00bb column_element_spacing=\u00bb10px\u00bb background_color=\u00bb#faedcd\u00bb background_color_opacity=\u00bb1&#8243; background_hover_color_opacity=\u00bb1&#8243; column_shadow=\u00bbnone\u00bb column_border_radius=\u00bb20px\u00bb column_link_target=\u00bb_self\u00bb column_position=\u00bbdefault\u00bb advanced_gradient_angle=\u00bb0&#8243; gradient_direction=\u00bbleft_to_right\u00bb overlay_strength=\u00bb0.3&#8243; width=\u00bb1\/2&#8243; tablet_width_inherit=\u00bbdefault\u00bb tablet_text_alignment=\u00bbdefault\u00bb phone_text_alignment=\u00bbdefault\u00bb animation_type=\u00bbdefault\u00bb bg_image_animation=\u00bbnone\u00bb border_type=\u00bbsimple\u00bb column_border_width=\u00bbnone\u00bb gradient_type=\u00bbdefault\u00bb][fancy_box box_style=\u00bbimage_above_text_underline\u00bb image_url=\u00bb114&#8243; image_aspect_ratio=\u00bb16-9&#8243; border_radius=\u00bb10px\u00bb image_loading=\u00bblazy-load\u00bb link_url=\u00bbhttps:\/\/ca\u00f1arturistica.com\/?page_id=57&#8243;]\n<h4>Mes\u00f3n Rural Los \u00c1ngeles<\/h4>\n<p><span style=\"font-weight: 400;\">Sp\u00e9cialis\u00e9 dans la cuisine traditionnelle des Alpujarras, des locaux spacieux et une terrasse avec une vue magnifique.<\/span><\/p>\n<p>Adresse: Calle \u00c1lamos, 15<br \/>\n<span style=\"font-weight: 400;\">T\u00e9l\u00e9phone<\/span>: 636 271 746[\/fancy_box][nectar_btn size=\u00bbmedium\u00bb button_style=\u00bbsee-through\u00bb button_color_2=\u00bbAccent-Color\u00bb icon_family=\u00bbnone\u00bb text=\u00bbVoir la carte\u00bb margin_top=\u00bb16&#8243; url=\u00bbhttps:\/\/xn--caarturistica-jkb.com\/?page_id=341&#038;lang=fr&#038;location=restaurante-los-angeles\u00bb margin_right=\u00bb8&#8243;][nectar_btn size=\u00bbmedium\u00bb open_new_tab=\u00bbtrue\u00bb button_style=\u00bbsee-through\u00bb button_color_2=\u00bbAccent-Color\u00bb icon_family=\u00bbnone\u00bb text=\u00bbTripadvisor\u00bb margin_top=\u00bb16&#8243; url=\u00bbhttps:\/\/www.tripadvisor.es\/Restaurant_Review-g1026377-d3609343-Reviews-Bar_Piki-Canar_Province_of_Granada_Andalucia.html\u00bb][\/vc_column][\/vc_row][vc_row type=\u00bbin_container\u00bb full_screen_row_position=\u00bbmiddle\u00bb column_margin=\u00bbdefault\u00bb equal_height=\u00bbyes\u00bb column_direction=\u00bbdefault\u00bb column_direction_tablet=\u00bbdefault\u00bb column_direction_phone=\u00bbdefault\u00bb scene_position=\u00bbcenter\u00bb text_color=\u00bbdark\u00bb text_align=\u00bbleft\u00bb row_border_radius=\u00bbnone\u00bb row_border_radius_applies=\u00bbbg\u00bb overflow=\u00bbvisible\u00bb advanced_gradient_angle=\u00bb0&#8243; overlay_strength=\u00bb0.3&#8243; gradient_direction=\u00bbleft_to_right\u00bb shape_divider_position=\u00bbbottom\u00bb bg_image_animation=\u00bbnone\u00bb gradient_type=\u00bbdefault\u00bb shape_type=\u00bb\u00bb][vc_column column_padding=\u00bbpadding-2-percent\u00bb column_padding_tablet=\u00bbinherit\u00bb column_padding_phone=\u00bbinherit\u00bb column_padding_position=\u00bball\u00bb column_element_spacing=\u00bb10px\u00bb background_color_opacity=\u00bb1&#8243; background_hover_color_opacity=\u00bb1&#8243; column_shadow=\u00bbnone\u00bb column_border_radius=\u00bb20px\u00bb column_link_target=\u00bb_self\u00bb column_position=\u00bbdefault\u00bb advanced_gradient_angle=\u00bb0&#8243; gradient_direction=\u00bbleft_to_right\u00bb overlay_strength=\u00bb0.3&#8243; width=\u00bb1\/4&#8243; tablet_width_inherit=\u00bbdefault\u00bb tablet_text_alignment=\u00bbdefault\u00bb phone_text_alignment=\u00bbdefault\u00bb animation_type=\u00bbdefault\u00bb bg_image_animation=\u00bbnone\u00bb border_type=\u00bbsimple\u00bb column_border_width=\u00bbnone\u00bb gradient_type=\u00bbdefault\u00bb offset=\u00bbvc_hidden-sm vc_hidden-xs\u00bb][\/vc_column][vc_column column_padding=\u00bbpadding-2-percent\u00bb column_padding_tablet=\u00bbinherit\u00bb column_padding_phone=\u00bbinherit\u00bb column_padding_position=\u00bball\u00bb column_element_spacing=\u00bb10px\u00bb background_color=\u00bb#faedcd\u00bb background_color_opacity=\u00bb1&#8243; background_hover_color_opacity=\u00bb1&#8243; column_shadow=\u00bbnone\u00bb column_border_radius=\u00bb20px\u00bb column_link_target=\u00bb_self\u00bb column_position=\u00bbdefault\u00bb advanced_gradient_angle=\u00bb0&#8243; gradient_direction=\u00bbleft_to_right\u00bb overlay_strength=\u00bb0.3&#8243; width=\u00bb1\/2&#8243; tablet_width_inherit=\u00bbdefault\u00bb tablet_text_alignment=\u00bbdefault\u00bb phone_text_alignment=\u00bbdefault\u00bb animation_type=\u00bbdefault\u00bb bg_image_animation=\u00bbnone\u00bb border_type=\u00bbsimple\u00bb column_border_width=\u00bbnone\u00bb gradient_type=\u00bbdefault\u00bb][fancy_box box_style=\u00bbimage_above_text_underline\u00bb image_url=\u00bb116&#8243; image_aspect_ratio=\u00bb16-9&#8243; border_radius=\u00bb10px\u00bb image_loading=\u00bblazy-load\u00bb]\n<h4>Alimentaci\u00f3n Virtudes<\/h4>\n<p><span style=\"font-weight: 400;\">Magasin d&#8217;alimentation \u00e0 c\u00f4t\u00e9 de la Plaza de la Iglesia pour faire le plein d&#8217;eau, de boissons gazeuses ou de collations.<\/span><\/p>\n<p>Adresse: Calle Bruselas, Local 8<br \/>\n<span style=\"font-weight: 400;\">T\u00e9l\u00e9phone<\/span>: 958 37 42 08[\/fancy_box][nectar_btn size=\u00bbmedium\u00bb button_style=\u00bbsee-through\u00bb button_color_2=\u00bbAccent-Color\u00bb icon_family=\u00bbnone\u00bb text=\u00bbVoir la carte\u00bb margin_top=\u00bb16&#8243; url=\u00bbhttps:\/\/xn--caarturistica-jkb.com\/?page_id=341&#038;lang=fr&#038;location=Tienda\u00bb][\/vc_column][vc_column column_padding=\u00bbno-extra-padding\u00bb column_padding_tablet=\u00bbinherit\u00bb column_padding_phone=\u00bbinherit\u00bb column_padding_position=\u00bball\u00bb column_element_spacing=\u00bbdefault\u00bb background_color_opacity=\u00bb1&#8243; background_hover_color_opacity=\u00bb1&#8243; column_shadow=\u00bbnone\u00bb column_border_radius=\u00bbnone\u00bb column_link_target=\u00bb_self\u00bb column_position=\u00bbdefault\u00bb advanced_gradient_angle=\u00bb0&#8243; gradient_direction=\u00bbleft_to_right\u00bb overlay_strength=\u00bb0.3&#8243; width=\u00bb1\/4&#8243; tablet_width_inherit=\u00bbdefault\u00bb tablet_text_alignment=\u00bbdefault\u00bb phone_text_alignment=\u00bbdefault\u00bb animation_type=\u00bbdefault\u00bb bg_image_animation=\u00bbnone\u00bb border_type=\u00bbsimple\u00bb column_border_width=\u00bbnone\u00bb column_border_style=\u00bbsolid\u00bb gradient_type=\u00bbdefault\u00bb offset=\u00bbvc_hidden-sm vc_hidden-xs\u00bb][\/vc_column][\/vc_row][vc_row type=\u00bbfull_width_background\u00bb full_screen_row_position=\u00bbmiddle\u00bb column_margin=\u00bbnone\u00bb column_direction=\u00bbdefault\u00bb column_direction_tablet=\u00bbdefault\u00bb column_direction_phone=\u00bbdefault\u00bb bg_image=\u00bb64&#8243; bg_position=\u00bbcenter center\u00bb background_image_loading=\u00bblazy-load\u00bb bg_repeat=\u00bbno-repeat\u00bb scene_position=\u00bbcenter\u00bb top_padding=\u00bb96&#8243; bottom_padding=\u00bb96&#8243; left_padding_desktop=\u00bb64&#8243; right_padding_desktop=\u00bb64&#8243; left_padding_tablet=\u00bb32&#8243; right_padding_tablet=\u00bb32&#8243; left_padding_phone=\u00bb24&#8243; right_padding_phone=\u00bb24&#8243; top_margin=\u00bb64&#8243; bottom_margin=\u00bb0&#8243; text_color=\u00bbdark\u00bb text_align=\u00bbleft\u00bb row_border_radius=\u00bbnone\u00bb row_border_radius_applies=\u00bbbg\u00bb overflow=\u00bbvisible\u00bb enable_gradient=\u00bbtrue\u00bb color_overlay=\u00bb#ccd5ae\u00bb color_overlay_2=\u00bbrgba(233,237,201,0.75)\u00bb advanced_gradient_angle=\u00bb0&#8243; overlay_strength=\u00bb1&#8243; gradient_direction=\u00bbtop_to_bottom\u00bb shape_divider_position=\u00bbbottom\u00bb bg_image_animation=\u00bbnone\u00bb gradient_type=\u00bbdefault\u00bb shape_type=\u00bb\u00bb][vc_column column_padding=\u00bbno-extra-padding\u00bb column_padding_tablet=\u00bbinherit\u00bb column_padding_phone=\u00bbinherit\u00bb column_padding_position=\u00bball\u00bb column_element_spacing=\u00bbdefault\u00bb background_color_opacity=\u00bb1&#8243; background_hover_color_opacity=\u00bb1&#8243; column_shadow=\u00bbnone\u00bb column_border_radius=\u00bbnone\u00bb column_link_target=\u00bb_self\u00bb column_position=\u00bbdefault\u00bb gradient_direction=\u00bbleft_to_right\u00bb overlay_strength=\u00bb0.3&#8243; width=\u00bb1\/1&#8243; tablet_width_inherit=\u00bbdefault\u00bb tablet_text_alignment=\u00bbdefault\u00bb phone_text_alignment=\u00bbdefault\u00bb animation_type=\u00bbdefault\u00bb bg_image_animation=\u00bbnone\u00bb border_type=\u00bbsimple\u00bb column_border_width=\u00bbnone\u00bb column_border_style=\u00bbsolid\u00bb][vc_row_inner column_margin=\u00bbnone\u00bb column_direction=\u00bbdefault\u00bb column_direction_tablet=\u00bbdefault\u00bb column_direction_phone=\u00bbdefault\u00bb text_align=\u00bbleft\u00bb row_position=\u00bbdefault\u00bb row_position_tablet=\u00bbinherit\u00bb row_position_phone=\u00bbinherit\u00bb overflow=\u00bbvisible\u00bb pointer_events=\u00bball\u00bb css=\u00bb.vc_custom_1657135000463{margin-bottom: 16px !important;}\u00bb][vc_column_inner column_padding=\u00bbno-extra-padding\u00bb column_padding_tablet=\u00bbinherit\u00bb column_padding_phone=\u00bbinherit\u00bb column_padding_position=\u00bball\u00bb column_element_spacing=\u00bb0px\u00bb background_color_opacity=\u00bb1&#8243; background_hover_color_opacity=\u00bb1&#8243; column_shadow=\u00bbnone\u00bb column_border_radius=\u00bbnone\u00bb column_link_target=\u00bb_self\u00bb advanced_gradient_angle=\u00bb0&#8243; gradient_direction=\u00bbleft_to_right\u00bb overlay_strength=\u00bb0.3&#8243; width=\u00bb1\/1&#8243; tablet_width_inherit=\u00bbdefault\u00bb animation_type=\u00bbdefault\u00bb bg_image_animation=\u00bbnone\u00bb border_type=\u00bbsimple\u00bb column_border_width=\u00bbnone\u00bb column_border_style=\u00bbsolid\u00bb gradient_type=\u00bbdefault\u00bb][split_line_heading animation_type=\u00bbline-reveal-by-space\u00bb font_style=\u00bbh2&#8243; text_color=\u00bb#2f1e0e\u00bb line_reveal_by_space_text_effect=\u00bbdefault\u00bb stagger_animation=\u00bbtrue\u00bb content_alignment=\u00bbdefault\u00bb mobile_content_alignment=\u00bbinherit\u00bb link_target=\u00bb_self\u00bb text_content=\u00bbNe quittez pas un coin sans visiter\u00bb max_width=\u00bb960&#8243;][\/split_line_heading][\/vc_column_inner][\/vc_row_inner][vc_row_inner column_margin=\u00bbnone\u00bb column_direction=\u00bbdefault\u00bb column_direction_tablet=\u00bbdefault\u00bb column_direction_phone=\u00bbdefault\u00bb text_align=\u00bbleft\u00bb row_position=\u00bbdefault\u00bb row_position_tablet=\u00bbinherit\u00bb row_position_phone=\u00bbinherit\u00bb overflow=\u00bbvisible\u00bb pointer_events=\u00bball\u00bb css=\u00bb.vc_custom_1657135016393{margin-bottom: 32px !important;}\u00bb][vc_column_inner column_padding=\u00bbno-extra-padding\u00bb column_padding_tablet=\u00bbinherit\u00bb column_padding_phone=\u00bbinherit\u00bb column_padding_position=\u00bball\u00bb column_element_spacing=\u00bb0px\u00bb background_color_opacity=\u00bb1&#8243; background_hover_color_opacity=\u00bb1&#8243; column_shadow=\u00bbnone\u00bb column_border_radius=\u00bbnone\u00bb column_link_target=\u00bb_self\u00bb advanced_gradient_angle=\u00bb0&#8243; gradient_direction=\u00bbleft_to_right\u00bb overlay_strength=\u00bb0.3&#8243; width=\u00bb1\/1&#8243; tablet_width_inherit=\u00bbdefault\u00bb animation_type=\u00bbdefault\u00bb bg_image_animation=\u00bbnone\u00bb border_type=\u00bbsimple\u00bb column_border_width=\u00bbnone\u00bb column_border_style=\u00bbsolid\u00bb gradient_type=\u00bbdefault\u00bb][split_line_heading animation_type=\u00bbline-reveal-by-space\u00bb font_style=\u00bbp\u00bb text_color=\u00bb#64472b\u00bb line_reveal_by_space_text_effect=\u00bbdefault\u00bb content_alignment=\u00bbdefault\u00bb mobile_content_alignment=\u00bbinherit\u00bb link_target=\u00bb_self\u00bb text_content=\u00bbUtilisez notre carte interactive pour localiser tous les points d&#8217;int\u00e9r\u00eat touristique que nous avons pr\u00e9par\u00e9s pour vous.\u00bb font_line_height=\u00bb1.5&#8243; max_width=\u00bb480&#8243;][\/split_line_heading][\/vc_column_inner][\/vc_row_inner][vc_row_inner column_margin=\u00bbnone\u00bb column_direction=\u00bbdefault\u00bb column_direction_tablet=\u00bbdefault\u00bb column_direction_phone=\u00bbdefault\u00bb text_align=\u00bbleft\u00bb row_position=\u00bbdefault\u00bb row_position_tablet=\u00bbinherit\u00bb row_position_phone=\u00bbinherit\u00bb overflow=\u00bbvisible\u00bb pointer_events=\u00bball\u00bb][vc_column_inner column_padding=\u00bbno-extra-padding\u00bb column_padding_tablet=\u00bbinherit\u00bb column_padding_phone=\u00bbinherit\u00bb column_padding_position=\u00bball\u00bb column_element_spacing=\u00bbdefault\u00bb background_color_opacity=\u00bb1&#8243; background_hover_color_opacity=\u00bb1&#8243; column_shadow=\u00bbnone\u00bb column_border_radius=\u00bbnone\u00bb column_link_target=\u00bb_self\u00bb advanced_gradient_angle=\u00bb0&#8243; gradient_direction=\u00bbleft_to_right\u00bb overlay_strength=\u00bb0.3&#8243; width=\u00bb1\/1&#8243; tablet_width_inherit=\u00bbdefault\u00bb animation_type=\u00bbdefault\u00bb bg_image_animation=\u00bbnone\u00bb border_type=\u00bbsimple\u00bb column_border_width=\u00bbnone\u00bb column_border_style=\u00bbsolid\u00bb gradient_type=\u00bbdefault\u00bb][nectar_btn size=\u00bblarge\u00bb button_style=\u00bbsee-through\u00bb button_color_2=\u00bbAccent-Color\u00bb icon_family=\u00bbnone\u00bb text=\u00bbVoir la carte\u00bb css_animation=\u00bbnone\u00bb margin_top=\u00bb0&#8243; margin_bottom=\u00bb0&#8243; url=\u00bbhttps:\/\/xn--caarturistica-jkb.com\/?page_id=338&amp;lang=en\u00bb][\/vc_column_inner][\/vc_row_inner][\/vc_column][\/vc_row]\n","protected":false},"excerpt":{"rendered":"<p>[vc_row type=\u00bbfull_width_background\u00bb full_screen_row_position=\u00bbmiddle\u00bb column_margin=\u00bbdefault\u00bb column_direction=\u00bbdefault\u00bb column_direction_tablet=\u00bbdefault\u00bb column_direction_phone=\u00bbdefault\u00bb scene_position=\u00bbcenter\u00bb top_padding=\u00bb32&#8243; constrain_group_1=\u00bbyes\u00bb bottom_padding=\u00bb32&#8243; top_padding_tablet=\u00bb20%\u00bb bottom_padding_tablet=\u00bb20%\u00bb top_padding_phone=\u00bb20%\u00bb bottom_padding_phone=\u00bb20%\u00bb text_color=\u00bbdark\u00bb text_align=\u00bbleft\u00bb row_border_radius=\u00bbnone\u00bb row_border_radius_applies=\u00bbbg\u00bb overflow=\u00bbvisible\u00bb advanced_gradient_angle=\u00bb0&#8243; overlay_strength=\u00bb0.8&#8243; gradient_direction=\u00bbleft_to_right\u00bb shape_divider_position=\u00bbbottom\u00bb bg_image_animation=\u00bbnone\u00bb shape_type=\u00bb\u00bb gradient_type=\u00bbdefault\u00bb][vc_column column_padding=\u00bbno-extra-padding\u00bb column_padding_tablet=\u00bbinherit\u00bb column_padding_phone=\u00bbinherit\u00bb&#8230;<\/p>\n","protected":false},"author":1,"featured_media":0,"parent":0,"menu_order":0,"comment_status":"closed","ping_status":"closed","template":"","meta":{"footnotes":""},"class_list":["post-153","page","type-page","status-publish"],"aioseo_notices":[],"_links":{"self":[{"href":"https:\/\/ca\u00f1arturistica.com\/index.php?rest_route=\/wp\/v2\/pages\/153"}],"collection":[{"href":"https:\/\/ca\u00f1arturistica.com\/index.php?rest_route=\/wp\/v2\/pages"}],"about":[{"href":"https:\/\/ca\u00f1arturistica.com\/index.php?rest_route=\/wp\/v2\/types\/page"}],"author":[{"embeddable":true,"href":"https:\/\/ca\u00f1arturistica.com\/index.php?rest_route=\/wp\/v2\/users\/1"}],"replies":[{"embeddable":true,"href":"https:\/\/ca\u00f1arturistica.com\/index.php?rest_route=%2Fwp%2Fv2%2Fcomments&post=153"}],"version-history":[{"count":7,"href":"https:\/\/ca\u00f1arturistica.com\/index.php?rest_route=\/wp\/v2\/pages\/153\/revisions"}],"predecessor-version":[{"id":428,"href":"https:\/\/ca\u00f1arturistica.com\/index.php?rest_route=\/wp\/v2\/pages\/153\/revisions\/428"}],"wp:attachment":[{"href":"https:\/\/ca\u00f1arturistica.com\/index.php?rest_route=%2Fwp%2Fv2%2Fmedia&parent=153"}],"curies":[{"name":"wp","href":"https:\/\/api.w.org\/{rel}","templated":true}]}}